{"id":27,"date":"2022-08-25T15:42:49","date_gmt":"2022-08-25T13:42:49","guid":{"rendered":"https:\/\/e.progressusgroup.lt\/?page_id=27"},"modified":"2023-03-07T17:59:08","modified_gmt":"2023-03-07T15:59:08","slug":"home","status":"publish","type":"page","link":"https:\/\/e.progressusgroup.lt\/de\/","title":{"rendered":"Dinamin\u0117 namo \u0161ildymo sistema su hibridiniais 2Power moduliais"},"content":{"rendered":"<div class=\"wp-block-image\">\n<figure class=\"aligncenter size-full\"><img decoding=\"async\" loading=\"lazy\" width=\"757\" height=\"643\" src=\"https:\/\/e.progressusgroup.lt\/app\/uploads\/Dinamine-namo-sildymo-sistema-1.jpg\" alt=\"\" class=\"wp-image-1367\" srcset=\"https:\/\/e.progressusgroup.lt\/app\/uploads\/Dinamine-namo-sildymo-sistema-1.jpg 757w, https:\/\/e.progressusgroup.lt\/app\/uploads\/Dinamine-namo-sildymo-sistema-1-300x255.jpg 300w, https:\/\/e.progressusgroup.lt\/app\/uploads\/Dinamine-namo-sildymo-sistema-1-416x353.jpg 416w\" sizes=\"(max-width: 757px) 100vw, 757px\" \/><\/figure><\/div>\n\n\n<h2 class=\"has-text-align-left\"><strong>Sistemos privalumai<\/strong><\/h2>\n\n\n\n<div style=\"height:11px\" aria-hidden=\"true\" class=\"wp-block-spacer\"><\/div>\n\n\n\n<p class=\"has-text-align-left\">&#8211; Efektyviai i\u0161naudojamas stogo plotas,- Didesn\u0117 elektros ir \u0161ilumos gamyba.<br>&#8211; Neu\u017everda skystis.<br>&#8211; Elektra + kar\u0161tas vanduo + \u0161ildymas.<br>&#8211; Nutirpin\u0105 snieg\u0105, daugiau generuojamos elektros \u017eiem\u0105.<br>&#8211; \u017diemos metu \u0161vie\u010diant saulei \u0161ilumos siurblys nuo moduli\u0173 nuima \u0161ilum\u0105: gaunamas \u0161iltas vanduo ir \u0161iluma.<br>&#8211; Nesant saul\u0117s energija imama i\u0161 akumuliacinio horizontalaus vamzdyn\u0173 kolektoriaus \u012frengto grunte po<br>namu.<br>&#8211; Vasaros metu esantis horizontalus vamzdyn\u0173 kolektorius au\u0161ina ant stogo esan\u010dius hibridinius 2Power<br>modulius didindamas elektros gamyb\u0105 tuo pa\u010diu kaupiant \u0161ilum\u0105 po namu.<\/p>\n\n\n\n<p><\/p>\n","protected":false},"excerpt":{"rendered":"<p>Sistemos privalumai &#8211; Efektyviai i\u0161naudojamas stogo plotas,- Didesn\u0117 elektros ir \u0161ilumos gamyba.&#8211; Neu\u017everda skystis.&#8211; Elektra + kar\u0161tas vanduo + \u0161ildymas.&#8211; Nutirpin\u0105 snieg\u0105, daugiau generuojamos elektros \u017eiem\u0105.&#8211; \u017diemos metu \u0161vie\u010diant saulei \u0161ilumos siurblys nuo moduli\u0173 nuima \u0161ilum\u0105: gaunamas \u0161iltas vanduo ir \u0161iluma.&#8211; Nesant saul\u0117s energija imama i\u0161 akumuliacinio horizontalaus vamzdyn\u0173 kolektoriaus \u012frengto grunte ponamu.&#8211; Vasaros metu [&hellip;]<\/p>\n","protected":false},"author":1,"featured_media":0,"parent":0,"menu_order":0,"comment_status":"closed","ping_status":"closed","template":"template-homepage.php","meta":[],"acf":[],"_links":{"self":[{"href":"https:\/\/e.progressusgroup.lt\/de\/wp-json\/wp\/v2\/pages\/27"}],"collection":[{"href":"https:\/\/e.progressusgroup.lt\/de\/wp-json\/wp\/v2\/pages"}],"about":[{"href":"https:\/\/e.progressusgroup.lt\/de\/wp-json\/wp\/v2\/types\/page"}],"author":[{"embeddable":true,"href":"https:\/\/e.progressusgroup.lt\/de\/wp-json\/wp\/v2\/users\/1"}],"replies":[{"embeddable":true,"href":"https:\/\/e.progressusgroup.lt\/de\/wp-json\/wp\/v2\/comments?post=27"}],"version-history":[{"count":5,"href":"https:\/\/e.progressusgroup.lt\/de\/wp-json\/wp\/v2\/pages\/27\/revisions"}],"predecessor-version":[{"id":1382,"href":"https:\/\/e.progressusgroup.lt\/de\/wp-json\/wp\/v2\/pages\/27\/revisions\/1382"}],"wp:attachment":[{"href":"https:\/\/e.progressusgroup.lt\/de\/wp-json\/wp\/v2\/media?parent=27"}],"curies":[{"name":"wp","href":"https:\/\/api.w.org\/{rel}","templated":true}]}}