{"id":1258,"date":"2022-08-28T13:36:30","date_gmt":"2022-08-28T11:36:30","guid":{"rendered":"https:\/\/e.progressusgroup.lt\/about-us\/"},"modified":"2023-02-12T20:25:05","modified_gmt":"2023-02-12T18:25:05","slug":"about-us","status":"publish","type":"page","link":"https:\/\/e.progressusgroup.lt\/en\/about-us\/","title":{"rendered":"About us"},"content":{"rendered":"\n<div id=\"footer-block_6342e8c79d3a8\" class=\"footer-item\">\n    <div class=\"feature-block footer-item\" id=\"footer-block_6342e8c79d3a8\">\n        <header><h6>Lietuvos klimatui pritaikytos keramin\u0117s \u010derp\u0117s<\/h6><\/header>\n        <section>\n            <div class=\"feature-content\">\n                <ul>\n<li>Atsparumas vir\u0161 150 \u0161al\u010dio cikl\u0173<\/li>\n<li>Ma\u017eiausias europieti\u0161k\u0173 keramini\u0173 \u010derpi\u0173 vandens \u012fgeriamumas<\/li>\n<li>Tris kartus tvirtesn\u0117s, nei reikalauja standartas<\/li>\n<li>10 kart\u0173 tikslesn\u0117s, nei reikalauja standartas<\/li>\n<\/ul>\n            <\/div>\n                        <div class=\"feature-img\">\n                <img decoding=\"async\" src=\"https:\/\/e.progressusgroup.lt\/app\/uploads\/2022\/10\/cerpes3-1.jpg\" alt=\"keramin\u0117s \u010derp\u0117s\">\n            <\/div>\n                    <\/section>\n    <\/div>\n<\/div>","protected":false},"excerpt":{"rendered":"","protected":false},"author":1,"featured_media":0,"parent":0,"menu_order":0,"comment_status":"closed","ping_status":"closed","template":"","meta":[],"acf":[],"_links":{"self":[{"href":"https:\/\/e.progressusgroup.lt\/en\/wp-json\/wp\/v2\/pages\/1258"}],"collection":[{"href":"https:\/\/e.progressusgroup.lt\/en\/wp-json\/wp\/v2\/pages"}],"about":[{"href":"https:\/\/e.progressusgroup.lt\/en\/wp-json\/wp\/v2\/types\/page"}],"author":[{"embeddable":true,"href":"https:\/\/e.progressusgroup.lt\/en\/wp-json\/wp\/v2\/users\/1"}],"replies":[{"embeddable":true,"href":"https:\/\/e.progressusgroup.lt\/en\/wp-json\/wp\/v2\/comments?post=1258"}],"version-history":[{"count":1,"href":"https:\/\/e.progressusgroup.lt\/en\/wp-json\/wp\/v2\/pages\/1258\/revisions"}],"predecessor-version":[{"id":1259,"href":"https:\/\/e.progressusgroup.lt\/en\/wp-json\/wp\/v2\/pages\/1258\/revisions\/1259"}],"wp:attachment":[{"href":"https:\/\/e.progressusgroup.lt\/en\/wp-json\/wp\/v2\/media?parent=1258"}],"curies":[{"name":"wp","href":"https:\/\/api.w.org\/{rel}","templated":true}]}}