{"id":43,"date":"2022-08-25T15:42:49","date_gmt":"2022-08-25T13:42:49","guid":{"rendered":"https:\/\/e.progressusgroup.lt\/front-page\/"},"modified":"2023-02-19T10:46:39","modified_gmt":"2023-02-19T08:46:39","slug":"front-page","status":"publish","type":"page","link":"https:\/\/e.progressusgroup.lt\/en\/","title":{"rendered":"Why do roof tiles crack in Lithuania?"},"content":{"rendered":"\n<p>Ceramic roofing tiles are a completely natural, ecologically clean product. Keramini\u0173 \u010derpi\u0173 gamyba paprasta ir \u017einoma seniai: \u010derp\u0117s gaminamos i\u0161 molio ir sm\u0117lio mi\u0161inio, vandens, po to degamos krosnyje auk\u0161toje temperat\u016broje, kur \u012fgyja svarbiausias savo savybes, ta\u010diau vien\u0173 gamintoj\u0173 \u010derpes suskilin\u0117ja po 5\u201315 met\u0173, kit\u0173 \u2013 laikosi nepakit\u0119 50 ir daugiau met\u0173, tod\u0117l labai svarbu pasirinkti <a href=\"\/?product_cat=cerpes-en\" data-type=\"product_cat\" data-id=\"40\">auk\u0161\u010diausios kokyb\u0117s \u010derpes<\/a>, kurios pasi\u017eymi patvarumu, ilgaam\u017ei\u0161kumu, kuri\u0173 paslaptis gl\u016bdi molyje, i\u0161 kurio \u010derp\u0117s pagamintos, ir modernioje gamybos technologijoje.<\/p>\n\n<p><\/p>\n","protected":false},"excerpt":{"rendered":"<p>Ceramic roofing tiles are a completely natural, ecologically clean product. Keramini\u0173 \u010derpi\u0173 gamyba paprasta ir \u017einoma seniai: \u010derp\u0117s gaminamos i\u0161 molio ir sm\u0117lio mi\u0161inio, vandens, po to degamos krosnyje auk\u0161toje temperat\u016broje, kur \u012fgyja svarbiausias savo savybes, ta\u010diau vien\u0173 gamintoj\u0173 \u010derpes suskilin\u0117ja po 5\u201315 met\u0173, kit\u0173 \u2013 laikosi nepakit\u0119 50 ir daugiau met\u0173, tod\u0117l labai svarbu [&hellip;]<\/p>\n","protected":false},"author":1,"featured_media":0,"parent":0,"menu_order":0,"comment_status":"closed","ping_status":"closed","template":"template-homepage.php","meta":[],"acf":[],"_links":{"self":[{"href":"https:\/\/e.progressusgroup.lt\/en\/wp-json\/wp\/v2\/pages\/43"}],"collection":[{"href":"https:\/\/e.progressusgroup.lt\/en\/wp-json\/wp\/v2\/pages"}],"about":[{"href":"https:\/\/e.progressusgroup.lt\/en\/wp-json\/wp\/v2\/types\/page"}],"author":[{"embeddable":true,"href":"https:\/\/e.progressusgroup.lt\/en\/wp-json\/wp\/v2\/users\/1"}],"replies":[{"embeddable":true,"href":"https:\/\/e.progressusgroup.lt\/en\/wp-json\/wp\/v2\/comments?post=43"}],"version-history":[{"count":4,"href":"https:\/\/e.progressusgroup.lt\/en\/wp-json\/wp\/v2\/pages\/43\/revisions"}],"predecessor-version":[{"id":1318,"href":"https:\/\/e.progressusgroup.lt\/en\/wp-json\/wp\/v2\/pages\/43\/revisions\/1318"}],"wp:attachment":[{"href":"https:\/\/e.progressusgroup.lt\/en\/wp-json\/wp\/v2\/media?parent=43"}],"curies":[{"name":"wp","href":"https:\/\/api.w.org\/{rel}","templated":true}]}}