{"id":187,"date":"2022-08-12T17:44:13","date_gmt":"2022-08-12T17:44:13","guid":{"rendered":"https:\/\/e.progressusgroup.lt\/product\/waterproof-flooring\/"},"modified":"2022-12-11T18:30:54","modified_gmt":"2022-12-11T18:30:54","slug":"vandeniui-laidus-grindinys-2","status":"publish","type":"product","link":"https:\/\/e.progressusgroup.lt\/en\/product\/vandeniui-laidus-grindinys-2\/","title":{"rendered":"Waterproof flooring"},"content":{"rendered":"","protected":false},"excerpt":{"rendered":"<div class=\"wpb_text_column wpb_content_element \">\n<div class=\"wpb_wrapper\">\n<p>Waterproof flooring &#8211; these are stone parts, installed in a certain way, ensure water permeability from 880 to 3300ltr\/ha*s, which is at least about 3 times more than what falls from the sky when it rains (270ltr\/ha*s)<\/p>\n<p>Laidaus grindinio kaina ma\u017eai skiriasi nuo kokybi\u0161k\u0173 betono trinkeli\u0173 kainos.<\/p>\n<p>Vandeniui laidus grindinys lengvai ir greitai dedamas, gali b\u016bti naudojamas lenktiems pavir\u0161iams suformuoti, nekenkia automobili\u0173 padangoms.<\/p>\n<\/div>\n<\/div>\n<div class=\"wpb_text_column wpb_content_element \">\n<div class=\"wpb_wrapper\">\n<p>Parodos \u201eInno panorama 2019\u201c prizu \u201e<strong>Met\u0173 inovacija 2019<\/strong>\u201c apdovanotas Progressus Group UAB gaminys Vandeniui laidus grindinys <strong>AKMENS TAKAS<\/strong><\/p>\n<p>Vytauto Did\u017eiojo universiteto (VDU) \u017dem\u0117s \u016bkio akademijoje prasid\u0117jo inovacij\u0173 paroda \u201eInno panorama 2019\u201c, pristatanti \u012fvairias inovacijas ir naujoves. Renginyje dalyvauja daugiau nei 300 dalyvi\u0173, kurie pristato naujausius i\u0161radimus. Pastarieji palengvins darb\u0105 ne tik stambiesiems \u016bkininkams, bet taip pat ir leis atrasti b\u016bd\u0173, kaip pad\u0117ti ma\u017eiau i\u0161vystytiems Lietuvos regionams.<\/p>\n<\/div>\n<\/div>\n","protected":false},"featured_media":183,"template":"","meta":[],"product_cat":[48],"product_tag":[],"acf":[],"_links":{"self":[{"href":"https:\/\/e.progressusgroup.lt\/en\/wp-json\/wp\/v2\/product\/187"}],"collection":[{"href":"https:\/\/e.progressusgroup.lt\/en\/wp-json\/wp\/v2\/product"}],"about":[{"href":"https:\/\/e.progressusgroup.lt\/en\/wp-json\/wp\/v2\/types\/product"}],"wp:featuredmedia":[{"embeddable":true,"href":"https:\/\/e.progressusgroup.lt\/en\/wp-json\/wp\/v2\/media\/183"}],"wp:attachment":[{"href":"https:\/\/e.progressusgroup.lt\/en\/wp-json\/wp\/v2\/media?parent=187"}],"wp:term":[{"taxonomy":"product_cat","embeddable":true,"href":"https:\/\/e.progressusgroup.lt\/en\/wp-json\/wp\/v2\/product_cat?post=187"},{"taxonomy":"product_tag","embeddable":true,"href":"https:\/\/e.progressusgroup.lt\/en\/wp-json\/wp\/v2\/product_tag?post=187"}],"curies":[{"name":"wp","href":"https:\/\/api.w.org\/{rel}","templated":true}]}}