{"id":1297,"date":"2023-02-14T19:27:36","date_gmt":"2023-02-14T17:27:36","guid":{"rendered":"https:\/\/e.progressusgroup.lt\/?page_id=1297"},"modified":"2023-02-19T16:18:28","modified_gmt":"2023-02-19T14:18:28","slug":"es-investicijos","status":"publish","type":"page","link":"https:\/\/e.progressusgroup.lt\/pl\/es-investicijos\/","title":{"rendered":"ES investicijos"},"content":{"rendered":"\n<p><strong>UAB \u201eProgressus Group\u201d<\/strong>&nbsp; &nbsp; &nbsp; &nbsp; &nbsp; &nbsp; &nbsp; &nbsp; &nbsp; &nbsp; &nbsp; &nbsp; &nbsp; &nbsp; &nbsp; &nbsp; &nbsp; &nbsp; &nbsp; &nbsp; &nbsp; &nbsp; &nbsp; &nbsp; &nbsp; &nbsp; &nbsp; &nbsp; &nbsp; &nbsp; &nbsp; &nbsp; &nbsp; &nbsp; &nbsp; &nbsp; &nbsp; &nbsp; &nbsp; &nbsp; &nbsp; &nbsp; &nbsp; &nbsp; &nbsp; &nbsp; &nbsp; &nbsp; &nbsp; &nbsp; &nbsp; &nbsp; &nbsp; &nbsp; &nbsp;<img decoding=\"async\" loading=\"lazy\" src=\"http:\/\/old.progressusgroup.lt\/wp-content\/uploads\/2020\/12\/ES-fond-lpgo.jpg\" alt=\"\" width=\"143\" height=\"133\"><\/p>\n\n\n\n<p><strong>\u012fgyvendina ES l\u0117\u0161omis dalinai finansuojamus projektus:<\/strong><\/p>\n\n\n\n<p><strong>\u201eUAB \u201eProgressus group\u201c informacini\u0173 technologij\u0173 verslo sandoriams valdyti elektroniniu b\u016bdu diegimas, siekiant padidinti pajam\u0173 augim\u0105\u201c<\/strong>, Nr. 13.1.1-LVPA-K-860-01-0128.<br>Projekto biud\u017eetas:&nbsp;<strong>60 800,00 Eur<\/strong>, i\u0161 j\u0173 finansuojama i\u0161 Europos regionin\u0117s pl\u0117tros fondo, kaip<br>Europos S\u0105jungos atsako \u012f COVID-19 pandemij\u0105 priemon\u0117: 45 600,00 Eur.<br>Projektas finansuojamas pagal priemon\u0119 E. komercijos modelis COVID-19.<br>Projekto veikl\u0173 \u012fgyvendinimo prad\u017eia \u2013 2022 m. vasario 21 d.<br>Projekto \u012fgyvendinimo trukm\u0117 \u2013 12 m\u0117nesi\u0173.<br>Projekto tikslas \u2013 informacini\u0173 technologij\u0173 verslo sandoriams valdyti elektroniniu b\u016bdu diegimas,<br>siekiant padidinti pajam\u0173 augim\u0105.<br>Projekto u\u017edavinys \u2013 in\u017einerini\u0173 konsultacij\u0173 paslaug\u0173 u\u017esakymo elektronin\u0117 sistema.<\/p>\n\n\n\n<p><strong>\u201eInovatyvi\u0173 vandeniui pralaid\u017ei\u0173 dang\u0173 suk\u016brimas\u201d<\/strong><\/p>\n\n\n\n<p><\/p>\n\n\n\n<p>UAB \u201eProgressus Group\u201d \u012fkurta 2005 m. UAB Progressus Group \u2013 tai statybin\u0117mis med\u017eiagomis prekiaujanti ir nuolat ie\u0161kanti racionali\u0173 sprendim\u0173 \u012fmon\u0117. Pagrindiniai \u012fmon\u0117s principai \u2013&nbsp; \u012fgyvendinti klient\u0173 l\u016bkes\u010dius, laikantis auk\u0161\u010diausios kokyb\u0117s ir i\u0161skirtinumo. Pastar\u0173j\u0173 metu patirtis parod\u0117, kad esamos ir naujos vandens surinkimo, nuvedimo sistemos neu\u017etikrina efektyvaus vandens nuvedimo, tod\u0117l stipri\u0173 li\u016b\u010di\u0173 metu arba tiesiog ilgesn\u012f laiko tarp\u0105 lyjant lietui yra u\u017epilamos miest\u0173 gatv\u0117s, dideli\u0173 nepatogum\u0173 patiria ne tik didesni\u0173, bet ir rajonini\u0173 miesteli\u0173 gyventojai. Be to vandens nuvedimo sistem\u0173 \u012frengim\u0105 riboja jau esantys pastatai, kitos konstrukcijos. \u0160lapia kelio danga taip pat stipriai \u012ftakoje automobili\u0173 eismo saugum\u0105, ypa\u010d \u0161altuoju met\u0173 laiku. Vykdydami projekt\u0105 kartu su partneriu, kuris turi didel\u0119 patirt\u012f \u012frengin\u0117jant \u012fvairias kelio konstrukcijas bei kompetentingus specialistus, pateiksime rinkai naujus, inovatyvius sprendimus, kurie u\u017etikrins patikim\u0105 ir efektyv\u0173 vandens pa\u0161alinim\u0105 nuo dangos pavir\u0161iaus. \u0160i\u0173 dang\u0173 i\u0161skirtinis faktorius yra tai, kad nereik\u0117s \u012frengin\u0117ti sud\u0117tingos vandens surinkimo ir nuvedimo infrastrukt\u016bros. Projektas prisideda prie Europos S\u0105jungos Baltijos j\u016bros regiono strategijos tiksl\u0173 ir veiksm\u0173 plano prioritetin\u0117s srities \u201eInovacijos\u201d \u012fgyvendinimo. Projektas prisid\u0117s prie tyr\u0117j\u0173 geb\u0117jim\u0173 stiprinimo, \u016bkio konkurencingumo didinimo, projekto rezultatai prisid\u0117s prie ekonomikos augimo visame Baltijos j\u016bros regiono kontekste.<\/p>\n\n\n\n<p>UAB \u201eProgressus Group\u201d projektas&nbsp; \u012fgyvendinamas pagal 2014\u20132020 m. Europos S\u0105jungos fond\u0173 investicij\u0173 veiksm\u0173 programos 1 prioriteto \u201eMokslini\u0173 tyrim\u0173, eksperimentin\u0117s pl\u0117tros ir inovacij\u0173 skatinimas\u201d \u012fgyvendinimo priemon\u0119 Nr. 01.2.1-LVPA-K-856 \u201eEksperimentas\u201d, projekto numeris&nbsp; 13.1.1-LVPA-K-856-01-0023<\/p>\n\n\n\n<p>Projekto tikslas \u2013 padidinti \u012fmon\u0117s inovacin\u012f potencial\u0105, sukuriant vandeniui pralaid\u017eias dangos konstrukcijas nedidel\u0117s apkrovos keliams.<\/p>\n\n\n\n<p>Projektui \u012fgyvendinti i\u0161 Europos regionin\u0117s pl\u0117tros fondo skirta &nbsp;<strong>360.354,65 Eur<\/strong>&nbsp;investicij\u0173 suma. Europos S\u0105jungos atsako \u012f COVID-19 pandemij\u0105 priemon\u0117. Projekto \u012fgyvendinimo trukm\u0117 36 m\u0117nesiai.<\/p>\n\n\n<div class=\"wp-block-image\">\n<figure class=\"aligncenter size-large\"><img decoding=\"async\" loading=\"lazy\" width=\"1024\" height=\"512\" src=\"https:\/\/e.progressusgroup.lt\/app\/uploads\/EU-investicijos-plakatas-1024x512.jpg\" alt=\"es logo\" class=\"wp-image-1299\" srcset=\"https:\/\/e.progressusgroup.lt\/app\/uploads\/EU-investicijos-plakatas-1024x512.jpg 1024w, https:\/\/e.progressusgroup.lt\/app\/uploads\/EU-investicijos-plakatas-416x208.jpg 416w, https:\/\/e.progressusgroup.lt\/app\/uploads\/EU-investicijos-plakatas-300x150.jpg 300w, https:\/\/e.progressusgroup.lt\/app\/uploads\/EU-investicijos-plakatas-768x384.jpg 768w, https:\/\/e.progressusgroup.lt\/app\/uploads\/EU-investicijos-plakatas.jpg 1027w\" sizes=\"(max-width: 1024px) 100vw, 1024px\" \/><\/figure><\/div>","protected":false},"excerpt":{"rendered":"<p>UAB \u201eProgressus Group\u201d&nbsp; &nbsp; &nbsp; &nbsp; &nbsp; &nbsp; &nbsp; &nbsp; &nbsp; &nbsp; &nbsp; &nbsp; &nbsp; &nbsp; &nbsp; &nbsp; &nbsp; &nbsp; &nbsp; &nbsp; &nbsp; &nbsp; &nbsp; &nbsp; &nbsp; &nbsp; &nbsp; &nbsp; &nbsp; &nbsp; &nbsp; &nbsp; &nbsp; &nbsp; &nbsp; &nbsp; &nbsp; &nbsp; &nbsp; &nbsp; &nbsp; &nbsp; &nbsp; &nbsp; &nbsp; &nbsp; &nbsp; &nbsp; &nbsp; &nbsp; &nbsp; &nbsp; &nbsp; [&hellip;]<\/p>\n","protected":false},"author":1,"featured_media":0,"parent":0,"menu_order":0,"comment_status":"closed","ping_status":"closed","template":"","meta":[],"acf":[],"_links":{"self":[{"href":"https:\/\/e.progressusgroup.lt\/pl\/wp-json\/wp\/v2\/pages\/1297"}],"collection":[{"href":"https:\/\/e.progressusgroup.lt\/pl\/wp-json\/wp\/v2\/pages"}],"about":[{"href":"https:\/\/e.progressusgroup.lt\/pl\/wp-json\/wp\/v2\/types\/page"}],"author":[{"embeddable":true,"href":"https:\/\/e.progressusgroup.lt\/pl\/wp-json\/wp\/v2\/users\/1"}],"replies":[{"embeddable":true,"href":"https:\/\/e.progressusgroup.lt\/pl\/wp-json\/wp\/v2\/comments?post=1297"}],"version-history":[{"count":4,"href":"https:\/\/e.progressusgroup.lt\/pl\/wp-json\/wp\/v2\/pages\/1297\/revisions"}],"predecessor-version":[{"id":1321,"href":"https:\/\/e.progressusgroup.lt\/pl\/wp-json\/wp\/v2\/pages\/1297\/revisions\/1321"}],"wp:attachment":[{"href":"https:\/\/e.progressusgroup.lt\/pl\/wp-json\/wp\/v2\/media?parent=1297"}],"curies":[{"name":"wp","href":"https:\/\/api.w.org\/{rel}","templated":true}]}}