{"id":1693,"date":"2022-11-27T16:33:53","date_gmt":"2022-11-27T14:33:53","guid":{"rendered":"https:\/\/e.progressusgroup.lt\/modulowe-elektrownie\/"},"modified":"2023-03-10T16:57:31","modified_gmt":"2023-03-10T14:57:31","slug":"modulowe-elektrownie","status":"publish","type":"page","link":"https:\/\/e.progressusgroup.lt\/pl\/modulowe-elektrownie\/","title":{"rendered":"Modu\u0142owe elektrownie"},"content":{"rendered":"\n<p>Szczeg\u00f3\u0142owy opis elektrowni modu\u0142owych<\/p>\n","protected":false},"excerpt":{"rendered":"<p>Szczeg\u00f3\u0142owy opis elektrowni modu\u0142owych<\/p>\n","protected":false},"author":1,"featured_media":0,"parent":0,"menu_order":0,"comment_status":"closed","ping_status":"closed","template":"","meta":[],"acf":[],"_links":{"self":[{"href":"https:\/\/e.progressusgroup.lt\/pl\/wp-json\/wp\/v2\/pages\/1693"}],"collection":[{"href":"https:\/\/e.progressusgroup.lt\/pl\/wp-json\/wp\/v2\/pages"}],"about":[{"href":"https:\/\/e.progressusgroup.lt\/pl\/wp-json\/wp\/v2\/types\/page"}],"author":[{"embeddable":true,"href":"https:\/\/e.progressusgroup.lt\/pl\/wp-json\/wp\/v2\/users\/1"}],"replies":[{"embeddable":true,"href":"https:\/\/e.progressusgroup.lt\/pl\/wp-json\/wp\/v2\/comments?post=1693"}],"version-history":[{"count":1,"href":"https:\/\/e.progressusgroup.lt\/pl\/wp-json\/wp\/v2\/pages\/1693\/revisions"}],"predecessor-version":[{"id":1694,"href":"https:\/\/e.progressusgroup.lt\/pl\/wp-json\/wp\/v2\/pages\/1693\/revisions\/1694"}],"wp:attachment":[{"href":"https:\/\/e.progressusgroup.lt\/pl\/wp-json\/wp\/v2\/media?parent=1693"}],"curies":[{"name":"wp","href":"https:\/\/api.w.org\/{rel}","templated":true}]}}