{"id":191,"date":"2022-11-27T18:45:00","date_gmt":"2022-11-27T18:45:00","guid":{"rendered":"https:\/\/e.progressusgroup.lt\/?page_id=191"},"modified":"2022-11-27T18:45:06","modified_gmt":"2022-11-27T18:45:06","slug":"cerpes","status":"publish","type":"page","link":"https:\/\/e.progressusgroup.lt\/pl\/cerpes\/","title":{"rendered":"\u010cerp\u0117s"},"content":{"rendered":"\n<p>Pasirinkite kokio tipo \u010derp\u0117s Jus domina:<\/p>\n\n\n\n<div class=\"is-nowrap is-layout-flex wp-container-1 wp-block-group has-normal-font-size\">\n<div id=\"footer-block_6383ac6761559\" class=\"footer-item\">\n    <div class=\"feature-block footer-item\" id=\"footer-block_6383ac6761559\">\n        <header><h6>Or\u0105 valan\u010dios \u010derp\u0117s<\/h6><\/header>\n        <section>\n            <div class=\"feature-content\">\n                <p>keli sakiniai paai\u0161kinimo apie k\u0105 tos or\u0105 valan\u010dios \u010derp\u0117s<\/p>\n<p>&nbsp;<\/p>\n            <\/div>\n                        <div class=\"feature-img\">\n                <img decoding=\"async\" src=\"https:\/\/e.progressusgroup.lt\/app\/uploads\/bb_naturrot_800-563-800-320-100-c.jpg\" alt=\"\">\n            <\/div>\n                    <\/section>\n    <\/div>\n<\/div>\n\n\n<div id=\"footer-block_6383ae7661561\" class=\"footer-item\">\n    <div class=\"feature-block footer-item\" id=\"footer-block_6383ae7661561\">\n        <header><h6>Ypatingai atsparios \u010derp\u0117s<\/h6><\/header>\n        <section>\n            <div class=\"feature-content\">\n                <p>\u0160ios \u010derp\u0117s tiks pa\u010dioms nepalankiausioms oro s\u0105lygoms<\/p>\n            <\/div>\n                        <div class=\"feature-img\">\n                <img decoding=\"async\" src=\"https:\/\/e.progressusgroup.lt\/app\/uploads\/2022\/08\/Capture1.jpg\" alt=\"\">\n            <\/div>\n                    <\/section>\n    <\/div>\n<\/div>\n\n\n<div id=\"footer-block_6383ad3d6155f\" class=\"footer-item\">\n    <div class=\"feature-block footer-item\" id=\"footer-block_6383ad3d6155f\">\n        <header><h6>Didelio formato \u010derp\u0117s<\/h6><\/header>\n        <section>\n            <div class=\"feature-content\">\n                <p>Norite stog\u0105 u\u017edengti kuo grei\u010diau? Rinkit\u0117s didelio formato \u010derpes!<\/p>\n            <\/div>\n                        <div class=\"feature-img\">\n                <img decoding=\"async\" src=\"https:\/\/e.progressusgroup.lt\/app\/uploads\/2022\/10\/cerpes3-1.jpg\" alt=\"\">\n            <\/div>\n                    <\/section>\n    <\/div>\n<\/div><\/div>\n\n\n\n<p>Visos m\u016bs\u0173 si\u016blomos \u010derp\u0117s atitinka auk\u0161\u010diausius kokyb\u0117s reikalavimus:<\/p>\n\n\n\n<ul><li>Spaud\u017eiamojo persidengiamo stogo \u010derp\u0117s pagal DIN \/ EN 1304 su geresn\u0117mis kokyb\u0117s charakteristikomis nei numatyta<\/li><li>Nepralaidus vandeniui, atsparus \u0161al\u010diui, pralaidus orui<\/li><li>Standartinis stogo nuolydis 30\u00b0<\/li><li>\u010cerp\u0117s kvadratiniame metre: apytiksliai 36 vnt.<\/li><\/ul>\n\n\n\n<div class=\"is-nowrap is-layout-flex wp-container-2 wp-block-group\">\n<figure class=\"wp-block-image size-full\"><img decoding=\"async\" loading=\"lazy\" width=\"80\" height=\"90\" src=\"https:\/\/e.progressusgroup.lt\/app\/uploads\/cesign_85.jpg\" alt=\"\" class=\"wp-image-197\"\/><\/figure>\n\n\n\n<figure class=\"wp-block-image size-full\"><img decoding=\"async\" loading=\"lazy\" width=\"90\" height=\"90\" src=\"https:\/\/e.progressusgroup.lt\/app\/uploads\/garantie_85_en.jpg\" alt=\"\" class=\"wp-image-202\"\/><\/figure>\n<\/div>\n\n\n\n<p><\/p>\n\n\n\n<p><\/p>\n","protected":false},"excerpt":{"rendered":"<p>Pasirinkite kokio tipo \u010derp\u0117s Jus domina: Visos m\u016bs\u0173 si\u016blomos \u010derp\u0117s atitinka auk\u0161\u010diausius kokyb\u0117s reikalavimus: Spaud\u017eiamojo persidengiamo stogo \u010derp\u0117s pagal DIN \/ EN 1304 su geresn\u0117mis kokyb\u0117s charakteristikomis nei numatyta Nepralaidus vandeniui, atsparus \u0161al\u010diui, pralaidus orui Standartinis stogo nuolydis 30\u00b0 \u010cerp\u0117s kvadratiniame metre: apytiksliai 36 vnt.<\/p>\n","protected":false},"author":1,"featured_media":0,"parent":0,"menu_order":0,"comment_status":"closed","ping_status":"closed","template":"","meta":[],"acf":[],"_links":{"self":[{"href":"https:\/\/e.progressusgroup.lt\/pl\/wp-json\/wp\/v2\/pages\/191"}],"collection":[{"href":"https:\/\/e.progressusgroup.lt\/pl\/wp-json\/wp\/v2\/pages"}],"about":[{"href":"https:\/\/e.progressusgroup.lt\/pl\/wp-json\/wp\/v2\/types\/page"}],"author":[{"embeddable":true,"href":"https:\/\/e.progressusgroup.lt\/pl\/wp-json\/wp\/v2\/users\/1"}],"replies":[{"embeddable":true,"href":"https:\/\/e.progressusgroup.lt\/pl\/wp-json\/wp\/v2\/comments?post=191"}],"version-history":[{"count":2,"href":"https:\/\/e.progressusgroup.lt\/pl\/wp-json\/wp\/v2\/pages\/191\/revisions"}],"predecessor-version":[{"id":208,"href":"https:\/\/e.progressusgroup.lt\/pl\/wp-json\/wp\/v2\/pages\/191\/revisions\/208"}],"wp:attachment":[{"href":"https:\/\/e.progressusgroup.lt\/pl\/wp-json\/wp\/v2\/media?parent=191"}],"curies":[{"name":"wp","href":"https:\/\/api.w.org\/{rel}","templated":true}]}}