{"id":1638,"date":"2023-01-31T11:34:22","date_gmt":"2023-01-31T09:34:22","guid":{"rendered":"https:\/\/e.progressusgroup.lt\/product\/rozwiazanie-elewacji-z-wypalona-powierzchnia\/"},"modified":"2023-01-31T11:34:22","modified_gmt":"2023-01-31T09:34:22","slug":"rozwiazanie-elewacji-z-wypalona-powierzchnia","status":"publish","type":"product","link":"https:\/\/e.progressusgroup.lt\/pl\/produkt\/rozwiazanie-elewacji-z-wypalona-powierzchnia\/","title":{"rendered":"Rozwi\u0105zanie elewacji z wypalon\u0105 powierzchni\u0105"},"content":{"rendered":"","protected":false},"excerpt":{"rendered":"","protected":false},"featured_media":631,"template":"","meta":[],"product_cat":[59,143],"product_tag":[],"acf":[],"_links":{"self":[{"href":"https:\/\/e.progressusgroup.lt\/pl\/wp-json\/wp\/v2\/product\/1638"}],"collection":[{"href":"https:\/\/e.progressusgroup.lt\/pl\/wp-json\/wp\/v2\/product"}],"about":[{"href":"https:\/\/e.progressusgroup.lt\/pl\/wp-json\/wp\/v2\/types\/product"}],"wp:featuredmedia":[{"embeddable":true,"href":"https:\/\/e.progressusgroup.lt\/pl\/wp-json\/wp\/v2\/media\/631"}],"wp:attachment":[{"href":"https:\/\/e.progressusgroup.lt\/pl\/wp-json\/wp\/v2\/media?parent=1638"}],"wp:term":[{"taxonomy":"product_cat","embeddable":true,"href":"https:\/\/e.progressusgroup.lt\/pl\/wp-json\/wp\/v2\/product_cat?post=1638"},{"taxonomy":"product_tag","embeddable":true,"href":"https:\/\/e.progressusgroup.lt\/pl\/wp-json\/wp\/v2\/product_tag?post=1638"}],"curies":[{"name":"wp","href":"https:\/\/api.w.org\/{rel}","templated":true}]}}