{"id":1645,"date":"2023-01-15T10:46:04","date_gmt":"2023-01-15T08:46:04","guid":{"rendered":"https:\/\/e.progressusgroup.lt\/product\/rozwiazanie-elewacyjne-z-kamienna-powierzchnia\/"},"modified":"2023-01-15T10:46:04","modified_gmt":"2023-01-15T08:46:04","slug":"rozwiazanie-elewacyjne-z-kamienna-powierzchnia","status":"publish","type":"product","link":"https:\/\/e.progressusgroup.lt\/pl\/produkt\/rozwiazanie-elewacyjne-z-kamienna-powierzchnia\/","title":{"rendered":"Rozwi\u0105zanie elewacyjne z kamienn\u0105 powierzchni\u0105"},"content":{"rendered":"","protected":false},"excerpt":{"rendered":"","protected":false},"featured_media":588,"template":"","meta":[],"product_cat":[142,59],"product_tag":[],"acf":[],"_links":{"self":[{"href":"https:\/\/e.progressusgroup.lt\/pl\/wp-json\/wp\/v2\/product\/1645"}],"collection":[{"href":"https:\/\/e.progressusgroup.lt\/pl\/wp-json\/wp\/v2\/product"}],"about":[{"href":"https:\/\/e.progressusgroup.lt\/pl\/wp-json\/wp\/v2\/types\/product"}],"wp:featuredmedia":[{"embeddable":true,"href":"https:\/\/e.progressusgroup.lt\/pl\/wp-json\/wp\/v2\/media\/588"}],"wp:attachment":[{"href":"https:\/\/e.progressusgroup.lt\/pl\/wp-json\/wp\/v2\/media?parent=1645"}],"wp:term":[{"taxonomy":"product_cat","embeddable":true,"href":"https:\/\/e.progressusgroup.lt\/pl\/wp-json\/wp\/v2\/product_cat?post=1645"},{"taxonomy":"product_tag","embeddable":true,"href":"https:\/\/e.progressusgroup.lt\/pl\/wp-json\/wp\/v2\/product_tag?post=1645"}],"curies":[{"name":"wp","href":"https:\/\/api.w.org\/{rel}","templated":true}]}}