{"id":36,"date":"2022-08-28T13:36:30","date_gmt":"2022-08-28T13:36:30","guid":{"rendered":"https:\/\/e.progressusgroup.lt\/?page_id=36"},"modified":"2023-03-07T18:04:17","modified_gmt":"2023-03-07T16:04:17","slug":"apie-mus","status":"publish","type":"page","link":"https:\/\/e.progressusgroup.lt\/ru\/apie-mus\/","title":{"rendered":"Apie mus"},"content":{"rendered":"\n<div id=\"footer-block_89c1843886e553825c39516e0e3dc18a\" class=\"footer-item\">\n    <div class=\"feature-block footer-item\" id=\"footer-block_89c1843886e553825c39516e0e3dc18a\">\n        <header><h6>  <\/h6><\/header>\n        <section>\n            <div class=\"feature-content\">\n                <p>&nbsp;<\/p>\n<p><strong>In\u017einerini\u0173 paslaug\u0173 pardavimo portalas.<\/strong><\/p>\n<p>M\u016bs\u0173 sprendimai pad\u0117s jums susikurti unikali\u0173 savybi\u0173 pastatus.<\/p>\n<p>Si\u016blome : techninius, technologinius, energetinius, pramoninio dizaino, in\u017einerinius sprendinius j\u016bs\u0173 pastatams ir aplinkai.<\/p>\n<p>Su m\u016bs\u0173 sprendiniais pastatai:<\/p>\n<ul>\n<li>\u017eali,<\/li>\n<li>energeti\u0161kai aktyv\u016bs(gali pagaminti daugiau energijos nei suvartoja),<\/li>\n<li>valo aplinkos or\u0105,<\/li>\n<li>ma\u017eina centralizuotai surenkamo pavir\u0161iaus nuot\u0117k\u0173 kiek\u012f,<\/li>\n<li>taip pat turi unikalias dizaino savybes.<\/li>\n<\/ul>\n<p>Jeigu jums reikia profesionalios konsultacijos, projekto, detalios s\u0105matos, j\u0105 galite \u012fsigyti \u0161ioje platformoje.<\/p>\n<p>Nusipirkus \u00a0paslaug\u0105 platformoje su jumis susisiekia m\u016bs\u0173 konsultantas i\u0161siai\u0161kins visas technines s\u0105lygas ir l\u016bkes\u010dius. \u00a0Taip pat \u00a0pasi\u016blys jums pritaikyt\u0105 sprendin\u012f.<\/p>\n<p>&nbsp;<\/p>\n<p>Pagarbiai UAB Progressus group komanda.<\/p>\n            <\/div>\n                    <\/section>\n    <\/div>\n<\/div>","protected":false},"excerpt":{"rendered":"","protected":false},"author":1,"featured_media":0,"parent":0,"menu_order":0,"comment_status":"closed","ping_status":"closed","template":"","meta":[],"acf":[],"_links":{"self":[{"href":"https:\/\/e.progressusgroup.lt\/ru\/wp-json\/wp\/v2\/pages\/36"}],"collection":[{"href":"https:\/\/e.progressusgroup.lt\/ru\/wp-json\/wp\/v2\/pages"}],"about":[{"href":"https:\/\/e.progressusgroup.lt\/ru\/wp-json\/wp\/v2\/types\/page"}],"author":[{"embeddable":true,"href":"https:\/\/e.progressusgroup.lt\/ru\/wp-json\/wp\/v2\/users\/1"}],"replies":[{"embeddable":true,"href":"https:\/\/e.progressusgroup.lt\/ru\/wp-json\/wp\/v2\/comments?post=36"}],"version-history":[{"count":5,"href":"https:\/\/e.progressusgroup.lt\/ru\/wp-json\/wp\/v2\/pages\/36\/revisions"}],"predecessor-version":[{"id":1397,"href":"https:\/\/e.progressusgroup.lt\/ru\/wp-json\/wp\/v2\/pages\/36\/revisions\/1397"}],"wp:attachment":[{"href":"https:\/\/e.progressusgroup.lt\/ru\/wp-json\/wp\/v2\/media?parent=36"}],"curies":[{"name":"wp","href":"https:\/\/api.w.org\/{rel}","templated":true}]}}